{"id":708,"date":"2022-03-25T08:08:12","date_gmt":"2022-03-25T06:08:12","guid":{"rendered":"https:\/\/millaassessors.cat\/seguros\/"},"modified":"2024-04-09T12:13:17","modified_gmt":"2024-04-09T10:13:17","slug":"seguros","status":"publish","type":"page","link":"https:\/\/millaassessors.cat\/es\/seguros\/","title":{"rendered":"Seguros"},"content":{"rendered":"\t\t<div data-elementor-type=\"wp-page\" data-elementor-id=\"708\" class=\"elementor elementor-708 elementor-85\" data-elementor-post-type=\"page\">\n\t\t\t\t\t\t<section class=\"elementor-section elementor-top-section elementor-element elementor-element-ce687ed elementor-section-boxed elementor-section-height-default elementor-section-height-default\" data-id=\"ce687ed\" data-element_type=\"section\" data-e-type=\"section\" data-settings=\"{&quot;background_background&quot;:&quot;classic&quot;}\">\n\t\t\t\t\t\t<div class=\"elementor-container elementor-column-gap-default\">\n\t\t\t\t\t<div class=\"elementor-column elementor-col-100 elementor-top-column elementor-element elementor-element-ef46f54\" data-id=\"ef46f54\" data-element_type=\"column\" data-e-type=\"column\">\n\t\t\t<div class=\"elementor-widget-wrap elementor-element-populated\">\n\t\t\t\t\t\t<div class=\"elementor-element elementor-element-e5875e1 elementor-widget elementor-widget-image\" data-id=\"e5875e1\" data-element_type=\"widget\" data-e-type=\"widget\" data-widget_type=\"image.default\">\n\t\t\t\t<div class=\"elementor-widget-container\">\n\t\t\t\t\t\t\t\t\t\t\t\t\t\t\t<img fetchpriority=\"high\" decoding=\"async\" width=\"800\" height=\"800\" src=\"https:\/\/millaassessors.cat\/wp-content\/uploads\/2022\/03\/Sin-titulo-11.png\" class=\"attachment-large size-large wp-image-657\" alt=\"\" \/>\t\t\t\t\t\t\t\t\t\t\t\t\t\t\t<\/div>\n\t\t\t\t<\/div>\n\t\t\t\t\t<\/div>\n\t\t<\/div>\n\t\t\t\t\t<\/div>\n\t\t<\/section>\n\t\t\t\t<section class=\"elementor-section elementor-top-section elementor-element elementor-element-88916dc elementor-section-boxed elementor-section-height-default elementor-section-height-default\" data-id=\"88916dc\" data-element_type=\"section\" data-e-type=\"section\">\n\t\t\t\t\t\t<div class=\"elementor-container elementor-column-gap-default\">\n\t\t\t\t\t<div class=\"elementor-column elementor-col-100 elementor-top-column elementor-element elementor-element-7a0f2b2\" data-id=\"7a0f2b2\" data-element_type=\"column\" data-e-type=\"column\">\n\t\t\t<div class=\"elementor-widget-wrap elementor-element-populated\">\n\t\t\t\t\t\t<div class=\"elementor-element elementor-element-151ae30 elementor-widget elementor-widget-heading\" data-id=\"151ae30\" data-element_type=\"widget\" data-e-type=\"widget\" data-widget_type=\"heading.default\">\n\t\t\t\t<div class=\"elementor-widget-container\">\n\t\t\t\t\t<h1 class=\"elementor-heading-title elementor-size-default\">Seguros<\/h1>\t\t\t\t<\/div>\n\t\t\t\t<\/div>\n\t\t\t\t<div class=\"elementor-element elementor-element-66ce929 elementor-widget elementor-widget-text-editor\" data-id=\"66ce929\" data-element_type=\"widget\" data-e-type=\"widget\" data-widget_type=\"text-editor.default\">\n\t\t\t\t<div class=\"elementor-widget-container\">\n\t\t\t\t\t\t\t\t\t<p>Siguiendo con la pol\u00edtica de gesti\u00f3n de calidad para nuestros clientes, les ofrecemos un trato de preferencia en la contrataci\u00f3n de seguros con Catalana Occidente.<\/p>\n<p>El GRUPO CATALANA OCCIDENTE, entidad con un gran prestigio en Catalu\u00f1a y 145 a\u00f1os liderando el sector, les ofrece la mejor relaci\u00f3n calidad-precio en todo tipo de seguros.<\/p>\n\t\t\t\t\t\t\t\t<\/div>\n\t\t\t\t<\/div>\n\t\t\t\t\t<\/div>\n\t\t<\/div>\n\t\t\t\t\t<\/div>\n\t\t<\/section>\n\t\t\t\t<section class=\"elementor-section elementor-top-section elementor-element elementor-element-50e9e8f elementor-section-boxed elementor-section-height-default elementor-section-height-default\" data-id=\"50e9e8f\" data-element_type=\"section\" data-e-type=\"section\">\n\t\t\t\t\t\t<div class=\"elementor-container elementor-column-gap-default\">\n\t\t\t\t\t<div class=\"elementor-column elementor-col-50 elementor-top-column elementor-element elementor-element-c55ff1e\" data-id=\"c55ff1e\" data-element_type=\"column\" data-e-type=\"column\">\n\t\t\t<div class=\"elementor-widget-wrap elementor-element-populated\">\n\t\t\t\t\t\t<div class=\"elementor-element elementor-element-dbd94d7 elementor-widget elementor-widget-image\" data-id=\"dbd94d7\" data-element_type=\"widget\" data-e-type=\"widget\" data-widget_type=\"image.default\">\n\t\t\t\t<div class=\"elementor-widget-container\">\n\t\t\t\t\t\t\t\t\t\t\t\t\t\t\t<img decoding=\"async\" width=\"700\" height=\"475\" src=\"https:\/\/millaassessors.cat\/wp-content\/uploads\/2022\/03\/OGMOGQ01.jpg\" class=\"attachment-large size-large wp-image-664\" alt=\"\" \/>\t\t\t\t\t\t\t\t\t\t\t\t\t\t\t<\/div>\n\t\t\t\t<\/div>\n\t\t\t\t\t<\/div>\n\t\t<\/div>\n\t\t\t\t<div class=\"elementor-column elementor-col-50 elementor-top-column elementor-element elementor-element-5de7a39\" data-id=\"5de7a39\" data-element_type=\"column\" data-e-type=\"column\">\n\t\t\t<div class=\"elementor-widget-wrap elementor-element-populated\">\n\t\t\t\t\t\t<div class=\"elementor-element elementor-element-35036a4 elementor-widget elementor-widget-heading\" data-id=\"35036a4\" data-element_type=\"widget\" data-e-type=\"widget\" data-widget_type=\"heading.default\">\n\t\t\t\t<div class=\"elementor-widget-container\">\n\t\t\t\t\t<h2 class=\"elementor-heading-title elementor-size-default\">Empresas<\/h2>\t\t\t\t<\/div>\n\t\t\t\t<\/div>\n\t\t\t\t<div class=\"elementor-element elementor-element-0bf46fa elementor-widget elementor-widget-text-editor\" data-id=\"0bf46fa\" data-element_type=\"widget\" data-e-type=\"widget\" data-widget_type=\"text-editor.default\">\n\t\t\t\t<div class=\"elementor-widget-container\">\n\t\t\t\t\t\t\t\t\t<ul>\n<li>\n<div>Responsabilidad civil<\/div>\n<\/li>\n<li>\n<div>PYME<\/div>\n<\/li>\n<li>\n<div>Oficinas<\/div>\n<\/li>\n<li>\n<div>Comercios<\/div>\n<\/li>\n<li>\n<div>Empresas e Industria<\/div>\n<\/li>\n<li>\n<div>Accidentes para los trabajadores<\/div>\n<\/li>\n<li class=\"liSubMenu\">\n<div>Autom\u00f3vil<\/div>\n<\/li>\n<li>\n<div>Otros<\/div>\n<\/li>\n<\/ul>\n\t\t\t\t\t\t\t\t<\/div>\n\t\t\t\t<\/div>\n\t\t\t\t<div class=\"elementor-element elementor-element-ed8cf7c elementor-widget elementor-widget-heading\" data-id=\"ed8cf7c\" data-element_type=\"widget\" data-e-type=\"widget\" data-widget_type=\"heading.default\">\n\t\t\t\t<div class=\"elementor-widget-container\">\n\t\t\t\t\t<h2 class=\"elementor-heading-title elementor-size-default\">Particulares<\/h2>\t\t\t\t<\/div>\n\t\t\t\t<\/div>\n\t\t\t\t<div class=\"elementor-element elementor-element-9deb24a elementor-widget elementor-widget-text-editor\" data-id=\"9deb24a\" data-element_type=\"widget\" data-e-type=\"widget\" data-widget_type=\"text-editor.default\">\n\t\t\t\t<div class=\"elementor-widget-container\">\n\t\t\t\t\t\t\t\t\t<div class=\"wpb_text_column \">\n<div class=\"wpb_wrapper\">\n<ul>\n<li>\n<div>Autom\u00f3vil<\/div>\n<\/li>\n<li>\n<div>Hogar<\/div>\n<\/li>\n<li>\n<div>Vida<\/div>\n<\/li>\n<li>\n<div>Planes de pensiones<\/div>\n<\/li>\n<li>\n<div>Otros<\/div>\n<\/li>\n<\/ul>\n<\/div>\n<\/div>\n\t\t\t\t\t\t\t\t<\/div>\n\t\t\t\t<\/div>\n\t\t\t\t\t<\/div>\n\t\t<\/div>\n\t\t\t\t\t<\/div>\n\t\t<\/section>\n\t\t\t\t<\/div>\n\t\t","protected":false},"excerpt":{"rendered":"<p>Seguros Siguiendo con la pol\u00edtica de gesti\u00f3n de calidad para nuestros clientes, les ofrecemos un trato de preferencia en la contrataci\u00f3n de seguros con Catalana Occidente. El GRUPO CATALANA OCCIDENTE, entidad con un gran prestigio en Catalu\u00f1a y 145 a\u00f1os liderando el sector, les ofrece la mejor relaci\u00f3n calidad-precio en todo tipo de seguros. Empresas [&hellip;]<\/p>\n","protected":false},"author":1,"featured_media":0,"parent":0,"menu_order":0,"comment_status":"closed","ping_status":"closed","template":"","meta":{"inline_featured_image":false,"footnotes":""},"class_list":["post-708","page","type-page","status-publish","hentry"],"_links":{"self":[{"href":"https:\/\/millaassessors.cat\/es\/wp-json\/wp\/v2\/pages\/708","targetHints":{"allow":["GET"]}}],"collection":[{"href":"https:\/\/millaassessors.cat\/es\/wp-json\/wp\/v2\/pages"}],"about":[{"href":"https:\/\/millaassessors.cat\/es\/wp-json\/wp\/v2\/types\/page"}],"author":[{"embeddable":true,"href":"https:\/\/millaassessors.cat\/es\/wp-json\/wp\/v2\/users\/1"}],"replies":[{"embeddable":true,"href":"https:\/\/millaassessors.cat\/es\/wp-json\/wp\/v2\/comments?post=708"}],"version-history":[{"count":1,"href":"https:\/\/millaassessors.cat\/es\/wp-json\/wp\/v2\/pages\/708\/revisions"}],"predecessor-version":[{"id":709,"href":"https:\/\/millaassessors.cat\/es\/wp-json\/wp\/v2\/pages\/708\/revisions\/709"}],"wp:attachment":[{"href":"https:\/\/millaassessors.cat\/es\/wp-json\/wp\/v2\/media?parent=708"}],"curies":[{"name":"wp","href":"https:\/\/api.w.org\/{rel}","templated":true}]}}