{"id":710,"date":"2022-03-25T08:00:33","date_gmt":"2022-03-25T06:00:33","guid":{"rendered":"https:\/\/millaassessors.cat\/otros-servicios\/"},"modified":"2024-04-09T12:14:50","modified_gmt":"2024-04-09T10:14:50","slug":"otros-servicios","status":"publish","type":"page","link":"https:\/\/millaassessors.cat\/es\/otros-servicios\/","title":{"rendered":"Otros servicios"},"content":{"rendered":"\t\t<div data-elementor-type=\"wp-page\" data-elementor-id=\"710\" class=\"elementor elementor-710 elementor-73\" data-elementor-post-type=\"page\">\n\t\t\t\t\t\t<section class=\"elementor-section elementor-top-section elementor-element elementor-element-ce687ed elementor-section-boxed elementor-section-height-default elementor-section-height-default\" data-id=\"ce687ed\" data-element_type=\"section\" data-e-type=\"section\" data-settings=\"{&quot;background_background&quot;:&quot;classic&quot;}\">\n\t\t\t\t\t\t<div class=\"elementor-container elementor-column-gap-default\">\n\t\t\t\t\t<div class=\"elementor-column elementor-col-100 elementor-top-column elementor-element elementor-element-ef46f54\" data-id=\"ef46f54\" data-element_type=\"column\" data-e-type=\"column\">\n\t\t\t<div class=\"elementor-widget-wrap elementor-element-populated\">\n\t\t\t\t\t\t<div class=\"elementor-element elementor-element-e5875e1 elementor-widget elementor-widget-image\" data-id=\"e5875e1\" data-element_type=\"widget\" data-e-type=\"widget\" data-widget_type=\"image.default\">\n\t\t\t\t<div class=\"elementor-widget-container\">\n\t\t\t\t\t\t\t\t\t\t\t\t\t\t\t<img fetchpriority=\"high\" decoding=\"async\" width=\"800\" height=\"800\" src=\"https:\/\/millaassessors.cat\/wp-content\/uploads\/2022\/03\/TV1.png\" class=\"attachment-large size-large wp-image-666\" alt=\"\" \/>\t\t\t\t\t\t\t\t\t\t\t\t\t\t\t<\/div>\n\t\t\t\t<\/div>\n\t\t\t\t\t<\/div>\n\t\t<\/div>\n\t\t\t\t\t<\/div>\n\t\t<\/section>\n\t\t\t\t<section class=\"elementor-section elementor-top-section elementor-element elementor-element-88916dc elementor-section-boxed elementor-section-height-default elementor-section-height-default\" data-id=\"88916dc\" data-element_type=\"section\" data-e-type=\"section\">\n\t\t\t\t\t\t<div class=\"elementor-container elementor-column-gap-default\">\n\t\t\t\t\t<div class=\"elementor-column elementor-col-100 elementor-top-column elementor-element elementor-element-7a0f2b2\" data-id=\"7a0f2b2\" data-element_type=\"column\" data-e-type=\"column\">\n\t\t\t<div class=\"elementor-widget-wrap elementor-element-populated\">\n\t\t\t\t\t\t<div class=\"elementor-element elementor-element-151ae30 elementor-widget elementor-widget-heading\" data-id=\"151ae30\" data-element_type=\"widget\" data-e-type=\"widget\" data-widget_type=\"heading.default\">\n\t\t\t\t<div class=\"elementor-widget-container\">\n\t\t\t\t\t<h1 class=\"elementor-heading-title elementor-size-default\">Otros servicios\n<\/h1>\t\t\t\t<\/div>\n\t\t\t\t<\/div>\n\t\t\t\t<div class=\"elementor-element elementor-element-1385ade elementor-widget elementor-widget-text-editor\" data-id=\"1385ade\" data-element_type=\"widget\" data-e-type=\"widget\" data-widget_type=\"text-editor.default\">\n\t\t\t\t<div class=\"elementor-widget-container\">\n\t\t\t\t\t\t\t\t\t<section class=\"l-section wpb_row height_medium\">\n<div class=\"l-section-h i-cf\">\n<div class=\"g-cols offset_small\">\n<div class=\" full-width\">\n<div class=\"wpb_text_column \">\n<div class=\"wpb_wrapper\">\n<p>En la empresa ninguna \u00e1rea de actividad est\u00e1 desconectada de las dem\u00e1s, todas est\u00e1n relacionadas entre s\u00ed. Por eso, le ofrecemos todos los servicios que su empresa pueda necesitar, para que queden integrados dentro del conjunto de forma arm\u00f3nica y segura.<\/p>\n<\/div>\n<\/div>\n<\/div>\n<\/div>\n<\/div>\n<\/section>\n<section class=\"l-section wpb_row height_auto color_custom\">\n<div class=\"l-section-h i-cf\">\n<div class=\"g-cols offset_small\">\n<div class=\" one-half\"> <\/div>\n<\/div>\n<\/div>\n<\/section>\n\t\t\t\t\t\t\t\t<\/div>\n\t\t\t\t<\/div>\n\t\t\t\t\t<\/div>\n\t\t<\/div>\n\t\t\t\t\t<\/div>\n\t\t<\/section>\n\t\t\t\t<section class=\"elementor-section elementor-top-section elementor-element elementor-element-50e9e8f elementor-section-boxed elementor-section-height-default elementor-section-height-default\" data-id=\"50e9e8f\" data-element_type=\"section\" data-e-type=\"section\">\n\t\t\t\t\t\t<div class=\"elementor-container elementor-column-gap-default\">\n\t\t\t\t\t<div class=\"elementor-column elementor-col-50 elementor-top-column elementor-element elementor-element-c55ff1e\" data-id=\"c55ff1e\" data-element_type=\"column\" data-e-type=\"column\">\n\t\t\t<div class=\"elementor-widget-wrap elementor-element-populated\">\n\t\t\t\t\t\t<div class=\"elementor-element elementor-element-bf90e2a elementor-widget elementor-widget-text-editor\" data-id=\"bf90e2a\" data-element_type=\"widget\" data-e-type=\"widget\" data-widget_type=\"text-editor.default\">\n\t\t\t\t<div class=\"elementor-widget-container\">\n\t\t\t\t\t\t\t\t\t<ul>\n<li>\n<div>Herencias<\/div>\n<\/li>\n<li>\n<div>Testamentos<\/div>\n<\/li>\n<li>\n<div>Contratos de alquiler<\/div>\n<\/li>\n<li>\n<div>Declaraci\u00f3n de INTRASTAT<\/div>\n<\/li>\n<li>\n<div>Tramitaci\u00f3n de certificados en registros p\u00fablicos<\/div>\n<\/li>\n<li>\n<div>Impuestos de sucesiones y donaciones<\/div>\n<\/li>\n<li>\n<div>Transmisiones patrimoniales<\/div>\n<\/li>\n<li>\n<div>Extranjer\u00eda<\/div>\n<\/li>\n<\/ul>\n\t\t\t\t\t\t\t\t<\/div>\n\t\t\t\t<\/div>\n\t\t\t\t\t<\/div>\n\t\t<\/div>\n\t\t\t\t<div class=\"elementor-column elementor-col-50 elementor-top-column elementor-element elementor-element-5de7a39\" data-id=\"5de7a39\" data-element_type=\"column\" data-e-type=\"column\">\n\t\t\t<div class=\"elementor-widget-wrap elementor-element-populated\">\n\t\t\t\t\t\t<div class=\"elementor-element elementor-element-0bf46fa elementor-widget elementor-widget-text-editor\" data-id=\"0bf46fa\" data-element_type=\"widget\" data-e-type=\"widget\" data-widget_type=\"text-editor.default\">\n\t\t\t\t<div class=\"elementor-widget-container\">\n\t\t\t\t\t\t\t\t\t<ul>\n<li>\n<div>Prevenci\u00f3n de riesgos laborales<\/div>\n<\/li>\n<li>\n<div>Protecci\u00f3n de datos (LOPD)<\/div>\n<\/li>\n<li>\n<div>Subvenciones<\/div>\n<\/li>\n<li>\n<div>Compraventa y traspaso de local<\/div>\n<\/li>\n<li>\n<div>Defensa jur\u00eddica<\/div>\n<\/li>\n<li>\n<div>Reclamaci\u00f3n de morosos: servicio de asesoramiento legal, negociaci\u00f3n extrajudicial y reclamaci\u00f3n judicial de deudas pendientes y morosas<\/div>\n<\/li>\n<\/ul>\n\t\t\t\t\t\t\t\t<\/div>\n\t\t\t\t<\/div>\n\t\t\t\t\t<\/div>\n\t\t<\/div>\n\t\t\t\t\t<\/div>\n\t\t<\/section>\n\t\t\t\t<\/div>\n\t\t","protected":false},"excerpt":{"rendered":"<p>Otros servicios En la empresa ninguna \u00e1rea de actividad est\u00e1 desconectada de las dem\u00e1s, todas est\u00e1n relacionadas entre s\u00ed. Por eso, le ofrecemos todos los servicios que su empresa pueda necesitar, para que queden integrados dentro del conjunto de forma arm\u00f3nica y segura. Herencias Testamentos Contratos de alquiler Declaraci\u00f3n de INTRASTAT Tramitaci\u00f3n de certificados en [&hellip;]<\/p>\n","protected":false},"author":1,"featured_media":0,"parent":0,"menu_order":0,"comment_status":"closed","ping_status":"closed","template":"","meta":{"inline_featured_image":false,"footnotes":""},"class_list":["post-710","page","type-page","status-publish","hentry"],"_links":{"self":[{"href":"https:\/\/millaassessors.cat\/es\/wp-json\/wp\/v2\/pages\/710","targetHints":{"allow":["GET"]}}],"collection":[{"href":"https:\/\/millaassessors.cat\/es\/wp-json\/wp\/v2\/pages"}],"about":[{"href":"https:\/\/millaassessors.cat\/es\/wp-json\/wp\/v2\/types\/page"}],"author":[{"embeddable":true,"href":"https:\/\/millaassessors.cat\/es\/wp-json\/wp\/v2\/users\/1"}],"replies":[{"embeddable":true,"href":"https:\/\/millaassessors.cat\/es\/wp-json\/wp\/v2\/comments?post=710"}],"version-history":[{"count":1,"href":"https:\/\/millaassessors.cat\/es\/wp-json\/wp\/v2\/pages\/710\/revisions"}],"predecessor-version":[{"id":711,"href":"https:\/\/millaassessors.cat\/es\/wp-json\/wp\/v2\/pages\/710\/revisions\/711"}],"wp:attachment":[{"href":"https:\/\/millaassessors.cat\/es\/wp-json\/wp\/v2\/media?parent=710"}],"curies":[{"name":"wp","href":"https:\/\/api.w.org\/{rel}","templated":true}]}}