{"id":712,"date":"2022-03-25T07:58:23","date_gmt":"2022-03-25T05:58:23","guid":{"rendered":"https:\/\/millaassessors.cat\/mercantil\/"},"modified":"2024-04-09T12:16:02","modified_gmt":"2024-04-09T10:16:02","slug":"mercantil","status":"publish","type":"page","link":"https:\/\/millaassessors.cat\/es\/mercantil\/","title":{"rendered":"Mercantil"},"content":{"rendered":"\t\t<div data-elementor-type=\"wp-page\" data-elementor-id=\"712\" class=\"elementor elementor-712 elementor-67\" data-elementor-post-type=\"page\">\n\t\t\t\t\t\t<section class=\"elementor-section elementor-top-section elementor-element elementor-element-ce687ed elementor-section-boxed elementor-section-height-default elementor-section-height-default\" data-id=\"ce687ed\" data-element_type=\"section\" data-e-type=\"section\" data-settings=\"{&quot;background_background&quot;:&quot;classic&quot;}\">\n\t\t\t\t\t\t<div class=\"elementor-container elementor-column-gap-default\">\n\t\t\t\t\t<div class=\"elementor-column elementor-col-100 elementor-top-column elementor-element elementor-element-ef46f54\" data-id=\"ef46f54\" data-element_type=\"column\" data-e-type=\"column\">\n\t\t\t<div class=\"elementor-widget-wrap elementor-element-populated\">\n\t\t\t\t\t\t<div class=\"elementor-element elementor-element-e5875e1 elementor-widget elementor-widget-image\" data-id=\"e5875e1\" data-element_type=\"widget\" data-e-type=\"widget\" data-widget_type=\"image.default\">\n\t\t\t\t<div class=\"elementor-widget-container\">\n\t\t\t\t\t\t\t\t\t\t\t\t\t\t\t<img fetchpriority=\"high\" decoding=\"async\" width=\"800\" height=\"800\" src=\"https:\/\/millaassessors.cat\/wp-content\/uploads\/2022\/03\/maquineta1.png\" class=\"attachment-large size-large wp-image-659\" alt=\"\" \/>\t\t\t\t\t\t\t\t\t\t\t\t\t\t\t<\/div>\n\t\t\t\t<\/div>\n\t\t\t\t\t<\/div>\n\t\t<\/div>\n\t\t\t\t\t<\/div>\n\t\t<\/section>\n\t\t\t\t<section class=\"elementor-section elementor-top-section elementor-element elementor-element-88916dc elementor-section-boxed elementor-section-height-default elementor-section-height-default\" data-id=\"88916dc\" data-element_type=\"section\" data-e-type=\"section\">\n\t\t\t\t\t\t<div class=\"elementor-container elementor-column-gap-default\">\n\t\t\t\t\t<div class=\"elementor-column elementor-col-100 elementor-top-column elementor-element elementor-element-7a0f2b2\" data-id=\"7a0f2b2\" data-element_type=\"column\" data-e-type=\"column\">\n\t\t\t<div class=\"elementor-widget-wrap elementor-element-populated\">\n\t\t\t\t\t\t<div class=\"elementor-element elementor-element-151ae30 elementor-widget elementor-widget-heading\" data-id=\"151ae30\" data-element_type=\"widget\" data-e-type=\"widget\" data-widget_type=\"heading.default\">\n\t\t\t\t<div class=\"elementor-widget-container\">\n\t\t\t\t\t<h1 class=\"elementor-heading-title elementor-size-default\">Mercantil<\/h1>\t\t\t\t<\/div>\n\t\t\t\t<\/div>\n\t\t\t\t\t<\/div>\n\t\t<\/div>\n\t\t\t\t\t<\/div>\n\t\t<\/section>\n\t\t\t\t<section class=\"elementor-section elementor-top-section elementor-element elementor-element-50e9e8f elementor-section-boxed elementor-section-height-default elementor-section-height-default\" data-id=\"50e9e8f\" data-element_type=\"section\" data-e-type=\"section\">\n\t\t\t\t\t\t<div class=\"elementor-container elementor-column-gap-default\">\n\t\t\t\t\t<div class=\"elementor-column elementor-col-50 elementor-top-column elementor-element elementor-element-c55ff1e\" data-id=\"c55ff1e\" data-element_type=\"column\" data-e-type=\"column\">\n\t\t\t<div class=\"elementor-widget-wrap elementor-element-populated\">\n\t\t\t\t\t\t<div class=\"elementor-element elementor-element-dbd94d7 elementor-widget elementor-widget-image\" data-id=\"dbd94d7\" data-element_type=\"widget\" data-e-type=\"widget\" data-widget_type=\"image.default\">\n\t\t\t\t<div class=\"elementor-widget-container\">\n\t\t\t\t\t\t\t\t\t\t\t\t\t\t\t<img decoding=\"async\" width=\"700\" height=\"467\" src=\"https:\/\/millaassessors.cat\/wp-content\/uploads\/2022\/03\/O71WJP01.jpg\" class=\"attachment-large size-large wp-image-665\" alt=\"\" \/>\t\t\t\t\t\t\t\t\t\t\t\t\t\t\t<\/div>\n\t\t\t\t<\/div>\n\t\t\t\t\t<\/div>\n\t\t<\/div>\n\t\t\t\t<div class=\"elementor-column elementor-col-50 elementor-top-column elementor-element elementor-element-5de7a39\" data-id=\"5de7a39\" data-element_type=\"column\" data-e-type=\"column\">\n\t\t\t<div class=\"elementor-widget-wrap elementor-element-populated\">\n\t\t\t\t\t\t<div class=\"elementor-element elementor-element-35036a4 elementor-widget elementor-widget-heading\" data-id=\"35036a4\" data-element_type=\"widget\" data-e-type=\"widget\" data-widget_type=\"heading.default\">\n\t\t\t\t<div class=\"elementor-widget-container\">\n\t\t\t\t\t<h2 class=\"elementor-heading-title elementor-size-default\">Principales Gestiones<\/h2>\t\t\t\t<\/div>\n\t\t\t\t<\/div>\n\t\t\t\t<div class=\"elementor-element elementor-element-0bf46fa elementor-widget elementor-widget-text-editor\" data-id=\"0bf46fa\" data-element_type=\"widget\" data-e-type=\"widget\" data-widget_type=\"text-editor.default\">\n\t\t\t\t<div class=\"elementor-widget-container\">\n\t\t\t\t\t\t\t\t\t<ul>\n<li>\n<div>Societario: constituci\u00f3n, operaciones societarias, fusiones, absorciones, compraventas, intervenci\u00f3n en consejos de administraci\u00f3n, asesoramiento en materia de protecci\u00f3n de los derechos del socio minoritario, conflictos entre socios<\/div>\n<\/li>\n<li>\n<div>Filiales<\/div>\n<\/li>\n<li>\n<div>Asociaciones<\/div>\n<\/li>\n<li>\n<div>Fundaciones<\/div>\n<\/li>\n<li>\n<div>Cooperativas<\/div>\n<\/li>\n<li>\n<div>Contrataci\u00f3n mercantil<\/div>\n<\/li>\n<li>\n<div>Empresa familiar Protocolos<\/div>\n<\/li>\n<li>\n<div>Planificaci\u00f3n y asesoramiento en relaci\u00f3n con estructuras empresariales<\/div>\n<\/li>\n<li>\n<div>Asesoramiento continuado de empresas<\/div><\/li>\n<\/ul>\t\t\t\t\t\t\t\t<\/div>\n\t\t\t\t<\/div>\n\t\t\t\t\t<\/div>\n\t\t<\/div>\n\t\t\t\t\t<\/div>\n\t\t<\/section>\n\t\t\t\t<\/div>\n\t\t","protected":false},"excerpt":{"rendered":"<p>Mercantil Principales Gestiones Societario: constituci\u00f3n, operaciones societarias, fusiones, absorciones, compraventas, intervenci\u00f3n en consejos de administraci\u00f3n, asesoramiento en materia de protecci\u00f3n de los derechos del socio minoritario, conflictos entre socios Filiales Asociaciones Fundaciones Cooperativas Contrataci\u00f3n mercantil Empresa familiar Protocolos Planificaci\u00f3n y asesoramiento en relaci\u00f3n con estructuras empresariales Asesoramiento continuado de empresas<\/p>\n","protected":false},"author":1,"featured_media":0,"parent":0,"menu_order":0,"comment_status":"closed","ping_status":"closed","template":"","meta":{"inline_featured_image":false,"footnotes":""},"class_list":["post-712","page","type-page","status-publish","hentry"],"_links":{"self":[{"href":"https:\/\/millaassessors.cat\/es\/wp-json\/wp\/v2\/pages\/712","targetHints":{"allow":["GET"]}}],"collection":[{"href":"https:\/\/millaassessors.cat\/es\/wp-json\/wp\/v2\/pages"}],"about":[{"href":"https:\/\/millaassessors.cat\/es\/wp-json\/wp\/v2\/types\/page"}],"author":[{"embeddable":true,"href":"https:\/\/millaassessors.cat\/es\/wp-json\/wp\/v2\/users\/1"}],"replies":[{"embeddable":true,"href":"https:\/\/millaassessors.cat\/es\/wp-json\/wp\/v2\/comments?post=712"}],"version-history":[{"count":1,"href":"https:\/\/millaassessors.cat\/es\/wp-json\/wp\/v2\/pages\/712\/revisions"}],"predecessor-version":[{"id":713,"href":"https:\/\/millaassessors.cat\/es\/wp-json\/wp\/v2\/pages\/712\/revisions\/713"}],"wp:attachment":[{"href":"https:\/\/millaassessors.cat\/es\/wp-json\/wp\/v2\/media?parent=712"}],"curies":[{"name":"wp","href":"https:\/\/api.w.org\/{rel}","templated":true}]}}