{"id":716,"date":"2022-03-25T08:31:49","date_gmt":"2022-03-25T06:31:49","guid":{"rendered":"https:\/\/millaassessors.cat\/calendario\/"},"modified":"2024-11-20T12:53:54","modified_gmt":"2024-11-20T10:53:54","slug":"calendario","status":"publish","type":"page","link":"https:\/\/millaassessors.cat\/es\/calendario\/","title":{"rendered":"Calendario"},"content":{"rendered":"\t\t<div data-elementor-type=\"wp-page\" data-elementor-id=\"716\" class=\"elementor elementor-716 elementor-109\" data-elementor-post-type=\"page\">\n\t\t\t\t\t\t<section class=\"elementor-section elementor-top-section elementor-element elementor-element-ce687ed elementor-section-boxed elementor-section-height-default elementor-section-height-default\" data-id=\"ce687ed\" data-element_type=\"section\" data-e-type=\"section\" data-settings=\"{&quot;background_background&quot;:&quot;classic&quot;}\">\n\t\t\t\t\t\t<div class=\"elementor-container elementor-column-gap-default\">\n\t\t\t\t\t<div class=\"elementor-column elementor-col-100 elementor-top-column elementor-element elementor-element-ef46f54\" data-id=\"ef46f54\" data-element_type=\"column\" data-e-type=\"column\">\n\t\t\t<div class=\"elementor-widget-wrap elementor-element-populated\">\n\t\t\t\t\t\t<div class=\"elementor-element elementor-element-e5875e1 elementor-widget elementor-widget-image\" data-id=\"e5875e1\" data-element_type=\"widget\" data-e-type=\"widget\" data-widget_type=\"image.default\">\n\t\t\t\t<div class=\"elementor-widget-container\">\n\t\t\t\t\t\t\t\t\t\t\t\t\t\t\t<img fetchpriority=\"high\" decoding=\"async\" width=\"800\" height=\"800\" src=\"https:\/\/millaassessors.cat\/wp-content\/uploads\/2022\/03\/rellotge1.png\" class=\"attachment-large size-large wp-image-661\" alt=\"\" \/>\t\t\t\t\t\t\t\t\t\t\t\t\t\t\t<\/div>\n\t\t\t\t<\/div>\n\t\t\t\t\t<\/div>\n\t\t<\/div>\n\t\t\t\t\t<\/div>\n\t\t<\/section>\n\t\t\t\t<section class=\"elementor-section elementor-top-section elementor-element elementor-element-88916dc elementor-section-boxed elementor-section-height-default elementor-section-height-default\" data-id=\"88916dc\" data-element_type=\"section\" data-e-type=\"section\">\n\t\t\t\t\t\t<div class=\"elementor-container elementor-column-gap-default\">\n\t\t\t\t\t<div class=\"elementor-column elementor-col-100 elementor-top-column elementor-element elementor-element-7a0f2b2\" data-id=\"7a0f2b2\" data-element_type=\"column\" data-e-type=\"column\">\n\t\t\t<div class=\"elementor-widget-wrap elementor-element-populated\">\n\t\t\t\t\t\t<div class=\"elementor-element elementor-element-151ae30 elementor-widget elementor-widget-heading\" data-id=\"151ae30\" data-element_type=\"widget\" data-e-type=\"widget\" data-widget_type=\"heading.default\">\n\t\t\t\t<div class=\"elementor-widget-container\">\n\t\t\t\t\t<h1 class=\"elementor-heading-title elementor-size-default\">Calendario<\/h1>\t\t\t\t<\/div>\n\t\t\t\t<\/div>\n\t\t\t\t\t<\/div>\n\t\t<\/div>\n\t\t\t\t\t<\/div>\n\t\t<\/section>\n\t\t\t\t<section class=\"elementor-section elementor-top-section elementor-element elementor-element-50e9e8f elementor-section-boxed elementor-section-height-default elementor-section-height-default\" data-id=\"50e9e8f\" data-element_type=\"section\" data-e-type=\"section\">\n\t\t\t\t\t\t<div class=\"elementor-container elementor-column-gap-default\">\n\t\t\t\t\t<div class=\"elementor-column elementor-col-50 elementor-top-column elementor-element elementor-element-c55ff1e\" data-id=\"c55ff1e\" data-element_type=\"column\" data-e-type=\"column\">\n\t\t\t<div class=\"elementor-widget-wrap elementor-element-populated\">\n\t\t\t\t\t\t<div class=\"elementor-element elementor-element-c501aa9 elementor-widget elementor-widget-image\" data-id=\"c501aa9\" data-element_type=\"widget\" data-e-type=\"widget\" data-widget_type=\"image.default\">\n\t\t\t\t<div class=\"elementor-widget-container\">\n\t\t\t\t\t\t\t\t\t\t\t\t\t\t\t\t<a href=\"https:\/\/millaassessors.cat\/wp-content\/uploads\/2024\/11\/Calendari-2025-milla.pdf\" target=\"_blank\">\n\t\t\t\t\t\t\t<img decoding=\"async\" width=\"724\" height=\"1024\" src=\"https:\/\/millaassessors.cat\/wp-content\/uploads\/2024\/11\/Calendari-2025-milla-724x1024.png\" class=\"attachment-large size-large wp-image-877\" alt=\"\" srcset=\"https:\/\/millaassessors.cat\/wp-content\/uploads\/2024\/11\/Calendari-2025-milla-724x1024.png 724w, https:\/\/millaassessors.cat\/wp-content\/uploads\/2024\/11\/Calendari-2025-milla-212x300.png 212w, https:\/\/millaassessors.cat\/wp-content\/uploads\/2024\/11\/Calendari-2025-milla-768x1086.png 768w, https:\/\/millaassessors.cat\/wp-content\/uploads\/2024\/11\/Calendari-2025-milla-1086x1536.png 1086w, https:\/\/millaassessors.cat\/wp-content\/uploads\/2024\/11\/Calendari-2025-milla.png 1191w\" sizes=\"(max-width: 724px) 100vw, 724px\" \/>\t\t\t\t\t\t\t\t<\/a>\n\t\t\t\t\t\t\t\t\t\t\t\t\t\t\t<\/div>\n\t\t\t\t<\/div>\n\t\t\t\t\t<\/div>\n\t\t<\/div>\n\t\t\t\t<div class=\"elementor-column elementor-col-50 elementor-top-column elementor-element elementor-element-5de7a39\" data-id=\"5de7a39\" data-element_type=\"column\" data-e-type=\"column\">\n\t\t\t<div class=\"elementor-widget-wrap elementor-element-populated\">\n\t\t\t\t\t\t<div class=\"elementor-element elementor-element-35036a4 elementor-widget elementor-widget-heading\" data-id=\"35036a4\" data-element_type=\"widget\" data-e-type=\"widget\" data-widget_type=\"heading.default\">\n\t\t\t\t<div class=\"elementor-widget-container\">\n\t\t\t\t\t<h2 class=\"elementor-heading-title elementor-size-default\">Fiestas laborales<\/h2>\t\t\t\t<\/div>\n\t\t\t\t<\/div>\n\t\t\t\t<div class=\"elementor-element elementor-element-0bf46fa elementor-widget elementor-widget-text-editor\" data-id=\"0bf46fa\" data-element_type=\"widget\" data-e-type=\"widget\" data-widget_type=\"text-editor.default\">\n\t\t\t\t<div class=\"elementor-widget-container\">\n\t\t\t\t\t\t\t\t\t<p>Fiestas laborales en Catalunya durante el a\u00f1o 2025 :<\/p>\n<ul>\n<li>1 de enero (mi\u00e9rcoles) Fin de a\u00f1o.<\/li>\n<li>6 de enero (lunes) Reies.<\/li>\n<li>18 de abril (viernes) Viernes Santo.<\/li>\n<li>21 de abril (lunes) Pascua Florida.<\/li>\n<li>1 de mayo (jueves) Fiesta del Trabajo.<\/li>\n<li>24 de junio (martes) Sant Juan.<\/li>\n<li>15 de agosto (viernes) La Asumpci\u00f3n.<\/li>\n<li>11 de setiembre (jueves) Diada nacional de Catalunya.<\/li>\n<li>1 de noviembre (s\u00e1bado) Todos los Santos.<\/li>\n<li>6 de diciembre (s\u00e1bado) D\u00eda de la Constituci\u00f3n.<\/li>\n<li>8 de diciembre (lunes) La Inmaculada<\/li>\n<li>25 de diciembre (jueves) Navidad.<\/li>\n<li>26 de diciembre (viernes) Sant Esteban.<\/li>\n<\/ul>\n\t\t\t\t\t\t\t\t<\/div>\n\t\t\t\t<\/div>\n\t\t\t\t\t<\/div>\n\t\t<\/div>\n\t\t\t\t\t<\/div>\n\t\t<\/section>\n\t\t\t\t<\/div>\n\t\t","protected":false},"excerpt":{"rendered":"<p>Calendario Fiestas laborales Fiestas laborales en Catalunya durante el a\u00f1o 2025 : 1 de enero (mi\u00e9rcoles) Fin de a\u00f1o. 6 de enero (lunes) Reies. 18 de abril (viernes) Viernes Santo. 21 de abril (lunes) Pascua Florida. 1 de mayo (jueves) Fiesta del Trabajo. 24 de junio (martes) Sant Juan. 15 de agosto (viernes) La Asumpci\u00f3n. [&hellip;]<\/p>\n","protected":false},"author":1,"featured_media":0,"parent":0,"menu_order":0,"comment_status":"closed","ping_status":"closed","template":"","meta":{"inline_featured_image":false,"footnotes":""},"class_list":["post-716","page","type-page","status-publish","hentry"],"_links":{"self":[{"href":"https:\/\/millaassessors.cat\/es\/wp-json\/wp\/v2\/pages\/716","targetHints":{"allow":["GET"]}}],"collection":[{"href":"https:\/\/millaassessors.cat\/es\/wp-json\/wp\/v2\/pages"}],"about":[{"href":"https:\/\/millaassessors.cat\/es\/wp-json\/wp\/v2\/types\/page"}],"author":[{"embeddable":true,"href":"https:\/\/millaassessors.cat\/es\/wp-json\/wp\/v2\/users\/1"}],"replies":[{"embeddable":true,"href":"https:\/\/millaassessors.cat\/es\/wp-json\/wp\/v2\/comments?post=716"}],"version-history":[{"count":2,"href":"https:\/\/millaassessors.cat\/es\/wp-json\/wp\/v2\/pages\/716\/revisions"}],"predecessor-version":[{"id":883,"href":"https:\/\/millaassessors.cat\/es\/wp-json\/wp\/v2\/pages\/716\/revisions\/883"}],"wp:attachment":[{"href":"https:\/\/millaassessors.cat\/es\/wp-json\/wp\/v2\/media?parent=716"}],"curies":[{"name":"wp","href":"https:\/\/api.w.org\/{rel}","templated":true}]}}